{"id":12,"date":"2018-08-27T12:17:23","date_gmt":"2018-08-27T12:17:23","guid":{"rendered":"http:\/\/gmartel.com\/index.php\/why-choose-me\/"},"modified":"2020-09-06T07:53:15","modified_gmt":"2020-09-06T07:53:15","slug":"marcolegal","status":"publish","type":"page","link":"https:\/\/www.gmartel.com\/index.php\/marcolegal\/","title":{"rendered":"Marco Legal"},"content":{"rendered":"\t\t<div data-elementor-type=\"wp-post\" data-elementor-id=\"12\" class=\"elementor elementor-12\" data-elementor-post-type=\"page\">\n\t\t\t\t\t\t<section class=\"elementor-section elementor-top-section elementor-element elementor-element-c72c06a elementor-section-boxed elementor-section-height-default elementor-section-height-default\" data-id=\"c72c06a\" data-element_type=\"section\" data-e-type=\"section\" data-settings=\"{&quot;background_background&quot;:&quot;classic&quot;}\">\n\t\t\t\t\t\t\t<div class=\"elementor-background-overlay\"><\/div>\n\t\t\t\t\t\t\t<div class=\"elementor-container elementor-column-gap-no\">\n\t\t\t\t\t<div class=\"elementor-column elementor-col-100 elementor-top-column elementor-element elementor-element-99d7f03\" data-id=\"99d7f03\" data-element_type=\"column\" data-e-type=\"column\">\n\t\t\t<div class=\"elementor-widget-wrap elementor-element-populated\">\n\t\t\t\t\t\t<div class=\"elementor-element elementor-element-e4ee66b elementor-widget elementor-widget-heading\" data-id=\"e4ee66b\" data-element_type=\"widget\" data-e-type=\"widget\" data-widget_type=\"heading.default\">\n\t\t\t\t<div class=\"elementor-widget-container\">\n\t\t\t\t\t<h1 class=\"elementor-heading-title elementor-size-default\">Marco Legal<\/h1>\t\t\t\t<\/div>\n\t\t\t\t<\/div>\n\t\t\t\t\t<\/div>\n\t\t<\/div>\n\t\t\t\t\t<\/div>\n\t\t<\/section>\n\t\t\t\t<section class=\"elementor-section elementor-top-section elementor-element elementor-element-d04d624 elementor-section-boxed elementor-section-height-default elementor-section-height-default\" data-id=\"d04d624\" data-element_type=\"section\" data-e-type=\"section\">\n\t\t\t\t\t\t<div class=\"elementor-container elementor-column-gap-default\">\n\t\t\t\t\t<div class=\"elementor-column elementor-col-100 elementor-top-column elementor-element elementor-element-0b31f06\" data-id=\"0b31f06\" data-element_type=\"column\" data-e-type=\"column\">\n\t\t\t<div class=\"elementor-widget-wrap elementor-element-populated\">\n\t\t\t\t\t\t\t<\/div>\n\t\t<\/div>\n\t\t\t\t\t<\/div>\n\t\t<\/section>\n\t\t\t\t<section class=\"elementor-section elementor-top-section elementor-element elementor-element-f2124b3 elementor-section-boxed elementor-section-height-default elementor-section-height-default\" data-id=\"f2124b3\" data-element_type=\"section\" data-e-type=\"section\">\n\t\t\t\t\t\t<div class=\"elementor-container elementor-column-gap-default\">\n\t\t\t\t\t<div class=\"elementor-column elementor-col-100 elementor-top-column elementor-element elementor-element-2a9ac34\" data-id=\"2a9ac34\" data-element_type=\"column\" data-e-type=\"column\">\n\t\t\t<div class=\"elementor-widget-wrap elementor-element-populated\">\n\t\t\t\t\t\t<div class=\"elementor-element elementor-element-4eeaf12 elementor-tabs-view-horizontal elementor-widget elementor-widget-tabs\" data-id=\"4eeaf12\" data-element_type=\"widget\" data-e-type=\"widget\" data-widget_type=\"tabs.default\">\n\t\t\t\t<div class=\"elementor-widget-container\">\n\t\t\t\t\t\t\t<div class=\"elementor-tabs\">\n\t\t\t<div class=\"elementor-tabs-wrapper\" role=\"tablist\" >\n\t\t\t\t\t\t\t\t\t<div id=\"elementor-tab-title-8271\" class=\"elementor-tab-title elementor-tab-desktop-title\" aria-selected=\"true\" data-tab=\"1\" role=\"tab\" tabindex=\"0\" aria-controls=\"elementor-tab-content-8271\" aria-expanded=\"false\">TRATAMIENTO DE DATOS<\/div>\n\t\t\t\t\t\t\t\t\t<div id=\"elementor-tab-title-8272\" class=\"elementor-tab-title elementor-tab-desktop-title\" aria-selected=\"false\" data-tab=\"2\" role=\"tab\" tabindex=\"-1\" aria-controls=\"elementor-tab-content-8272\" aria-expanded=\"false\">INTERNET SANO<\/div>\n\t\t\t\t\t\t\t\t\t<div id=\"elementor-tab-title-8273\" class=\"elementor-tab-title elementor-tab-desktop-title\" aria-selected=\"false\" data-tab=\"3\" role=\"tab\" tabindex=\"-1\" aria-controls=\"elementor-tab-content-8273\" aria-expanded=\"false\">SEGURIDAD<\/div>\n\t\t\t\t\t\t\t\t\t<div id=\"elementor-tab-title-8274\" class=\"elementor-tab-title elementor-tab-desktop-title\" aria-selected=\"false\" data-tab=\"4\" role=\"tab\" tabindex=\"-1\" aria-controls=\"elementor-tab-content-8274\" aria-expanded=\"false\">CONTRATOS Y DOCUMENTOS<\/div>\n\t\t\t\t\t\t\t<\/div>\n\t\t\t<div class=\"elementor-tabs-content-wrapper\" role=\"tablist\" aria-orientation=\"vertical\">\n\t\t\t\t\t\t\t\t\t<div class=\"elementor-tab-title elementor-tab-mobile-title\" aria-selected=\"true\" data-tab=\"1\" role=\"tab\" tabindex=\"0\" aria-controls=\"elementor-tab-content-8271\" aria-expanded=\"false\">TRATAMIENTO DE DATOS<\/div>\n\t\t\t\t\t<div id=\"elementor-tab-content-8271\" class=\"elementor-tab-content elementor-clearfix\" data-tab=\"1\" role=\"tabpanel\" aria-labelledby=\"elementor-tab-title-8271\" tabindex=\"0\" hidden=\"false\"><p style=\"text-align: justify;\"><span style=\"font-size: 11.5pt; line-height: 107%; font-family: Helvetica; color: #373737; background-image: initial; background-position: initial; background-size: initial; background-repeat: initial; background-attachment: initial; background-origin: initial; background-clip: initial;\">GMARTEL\u00a0Soluciones Integrales y Tecomunicaciones S.A.S., manifiesta el compromiso con la protecci\u00f3n de los datos personales de terceros que, en desarrollo de su objeto social, llegase a conocer y por ende, se compromete a cuidar y dar un tratamiento adecuado a los datos personales de<br \/>clientes, proveedores, contratistas, empleados y en general de aquellas personas cuya informaci\u00f3n pudiere reposar en una base de datos de responsabilidad de GMARTEL S.A.S. y para ello cuenta con los medios tecnol\u00f3gicos id\u00f3neos para asegurar que sean almacenados de manera tal que se impida el acceso indeseado por parte de terceras personas, y en ese mismo orden asegurar la confidencialidad de los mismos.<\/span><\/p><p><span style=\"font-size: 11.5pt; line-height: 107%; font-family: Helvetica; color: #373737; background-image: initial; background-position: initial; background-size: initial; background-repeat: initial; background-attachment: initial; background-origin: initial; background-clip: initial;\">De conformidad con lo dispuesto en la <a href=\"https:\/\/www.defensoria.gov.co\/public\/Normograma%202013_html\/Normas\/Ley_1581_2012.pdf\">Ley 1581 de 2012<\/a> y de su Decreto reglamentario <a href=\"https:\/\/www.mintic.gov.co\/portal\/604\/articles-4274_documento.pdf\">1377 de 2013<\/a>, le recordamos que sus datos se encuentran en nuestras bases de datos, teniendo en cuenta que si usted tiene o ha tenido relaci\u00f3n comercial o contractual con GMARTEL S.A.S, y que los mismos est\u00e1n siendo tratados de acuerdo con nuestra pol\u00edtica de tratamiento de datos.\u00a0<\/span><\/p><p><span style=\"font-size: 11.5pt; line-height: 107%; font-family: Helvetica; color: #373737; background-image: initial; background-position: initial; background-size: initial; background-repeat: initial; background-attachment: initial; background-origin: initial; background-clip: initial;\">Si usted desea solicitar la actualizaci\u00f3n, rectificaci\u00f3n o supresi\u00f3n de sus datos, por favor remita un correo a la cuenta \u00a0solucionesgmartel@gmail.com \u00a0\u00f3 comun\u00edquese con nuestro equipo de soporte al 316 524 6262 \u2013 321 311 0384.<\/span><\/p><p><span style=\"font-size: 11.5pt; line-height: 107%; font-family: Helvetica; color: #373737; background-image: initial; background-position: initial; background-size: initial; background-repeat: initial; background-attachment: initial; background-origin: initial; background-clip: initial;\">Tambi\u00e9n puede <a href=\"http:\/\/www.gmartel.com\/wp-content\/uploads\/2020\/09\/USO-DE-DATOS-PERSONALES.pdf\">DESCARGAR<\/a> nuestro documento sobre el uso de datos personales.<\/span><\/p><\/div>\n\t\t\t\t\t\t\t\t\t<div class=\"elementor-tab-title elementor-tab-mobile-title\" aria-selected=\"false\" data-tab=\"2\" role=\"tab\" tabindex=\"-1\" aria-controls=\"elementor-tab-content-8272\" aria-expanded=\"false\">INTERNET SANO<\/div>\n\t\t\t\t\t<div id=\"elementor-tab-content-8272\" class=\"elementor-tab-content elementor-clearfix\" data-tab=\"2\" role=\"tabpanel\" aria-labelledby=\"elementor-tab-title-8272\" tabindex=\"0\" hidden=\"hidden\"><p>GMARTEL SAS en atenci\u00f3n a la legislaci\u00f3n vigente, cumple con la Ley 679 de 2001 expedida por el Congreso de la Rep\u00fablica, la cual dicta medidas de protecci\u00f3n a favor de los menores de edad, mediante el establecimiento de normas de car\u00e1cter preventivo y sancionatorio para prevenir, bloquear, contrarrestar y denunciar la explotaci\u00f3n, alojamiento, uso, publicitaci\u00f3n, difusi\u00f3n de im\u00e1genes, textos, documentos, archivos audiovisuales, uso indebido de redes globales de informaci\u00f3n, o el establecimiento de v\u00ednculos telem\u00e1ticos de cualquier clase, relacionados con material pornogr\u00e1fico o alusivo a actividades sexuales de menores de edad.<\/p><p>De esta forma, GMARTEL SAS ratifica su compromiso con la campa\u00f1a del Ministerio de Tecnolog\u00edas de la Informaci\u00f3n y las Comunicaciones, INTERNET SANO, para que todos los colombianos comprendamos el significado de la prevenci\u00f3n de la pornograf\u00eda infantil y juvenil en Internet.<\/p><p>Si encuentra alg\u00fan contenido o actividad dentro de la red considerado como pornograf\u00eda infantil puede denunciarlo en las siguientes p\u00e1ginas de internet y\/o correos electr\u00f3nicos:<\/p><p><strong>MINISTERIO DE TECNOLOG\u00cdAS DE LA INFORMACI\u00d3N Y LAS COMUNICACIONES<\/strong><br \/>Tel\u00e9fono: 01 800 0912667<br \/><a class=\"link\" href=\"http:\/\/www.internetsano.gov.co\/\" target=\"_blank\" rel=\"noopener\">http:\/\/www.internetsano.gov.co<\/a><br \/><a href=\"http:\/\/www.mintic.gov.co\/\" target=\"_blank\" rel=\"noopener\">http:\/\/www.mintic.gov.co<\/a><\/p><p><strong>CONTRA LA PORNOGRAF\u00cdA INFANTIL<\/strong><br \/>Tel\u00e9fono: 01 800 0912667<br \/><a href=\"http:\/\/www.dignidadinfantil.gov.co\/\" target=\"_blank\" rel=\"noopener\">http:\/\/<\/a><a href=\"http:\/\/www.dignidadinfantil.gov.co\/\" target=\"_blank\" rel=\"noopener\">www.dignidadinfantil.gov.co<\/a><\/p><p><strong>F<\/strong><strong>ISCAL\u00cdA GENERAL DE LA NACI\u00d3N<\/strong><br \/>Tel\u00e9fono: 01 800 0912280<br \/><a class=\"link\" href=\"http:\/\/www.fiscalia.gov.co\/\" target=\"_blank\" rel=\"noopener\">http:\/\/www.fiscalia.gov.co\/<\/a><br \/>e-mail:\u00a0<a href=\"mailto:contacto@fiscalia.gov.co\">contacto@fiscalia.gov.co<\/a><\/p><p><strong>DIRECCI\u00d3N CENTRAL DE POLIC\u00cdA JUDICIAL &#8211; DIJIN<\/strong><br \/>Grupo Investigativo Delitos Inform\u00e1ticos<br \/>Carrera 77A # 45-61 Barrio Modelia<br \/>Tel\u00e9fonos: PBX: 426 6900 Ext. 6301-6302<br \/>Directo: 4266300<br \/>e-mail:\u00a0<a href=\"mailto:adelinfo@dijin.policia.gov.co\">adelinfo@dijin.policia.gov.co<\/a><\/p><p><strong>INSTITUTO COLOMBIANO DE BIENESTAR FAMILIAR<\/strong><br \/>Tel\u00e9fonos: 01 8000 918080 \u00f3 (1)6605520, (1)6605530, (1)6605540 de<br \/><a class=\"link\" href=\"http:\/\/www.icbf.gov.co\/\" target=\"_blank\" rel=\"noopener\">http:\/\/www.icbf.gov.co\/<\/a><\/p><p><strong>Ley 679 de 2001<\/strong>\u00a0<a href=\"http:\/\/www.gmartel.com\/wp-content\/uploads\/2020\/07\/ley679-3agosto2001.pdf\" target=\"_blank\" rel=\"noopener\">clic aqu\u00ed<\/a><\/p><\/div>\n\t\t\t\t\t\t\t\t\t<div class=\"elementor-tab-title elementor-tab-mobile-title\" aria-selected=\"false\" data-tab=\"3\" role=\"tab\" tabindex=\"-1\" aria-controls=\"elementor-tab-content-8273\" aria-expanded=\"false\">SEGURIDAD<\/div>\n\t\t\t\t\t<div id=\"elementor-tab-content-8273\" class=\"elementor-tab-content elementor-clearfix\" data-tab=\"3\" role=\"tabpanel\" aria-labelledby=\"elementor-tab-title-8273\" tabindex=\"0\" hidden=\"hidden\"><div class=\"module-title-surround\"><div class=\"module-title\"><p class=\"title\"><span style=\"font-size: 16px;\"><strong>GMARTEL SAS<\/strong> informa que utiliza los recursos t\u00e9cnicos y log\u00edsticos tendientes a garantizar <\/span>la seguridad de la red, para lo cual ha adoptado en relaci\u00f3n con el servicio prestado el uso de firewalls, filtros antivirus y la prevenci\u00f3n de spam, phishing, malware entre otras<span style=\"font-size: 16px;\">.\u00a0 <\/span><span style=\"font-size: 16px;\">La responsabilidad a cargo de los proveedores de redes y\/o servicios de telecomunicaciones, no cubre los equipos del cliente, dado que los mismos son controlados directamente por el usuario del servicio. Para garantizar un correcto de uso de los servicios de Internet, GMARTEL SAS recomienda:<\/span><\/p><\/div><\/div><ul><li>Mantener actualizado el navegador de internet.<\/li><li>Tener un antivirus instalado y actualizado.<\/li><li>Contar con software antispyware instalado y actualizado.<\/li><li>Mantener actualizado el sistema operativo instalado en su equipo.<\/li><li>No ingresar a los correos o mensajes que piden el ingreso a sitios como bancos, entidades financieras y correo electr\u00f3nico.<\/li><li>Nunca revele sus contrase\u00f1as o informaci\u00f3n personal a sitios no autorizados o de los cuales no conf\u00eda.<\/li><\/ul><\/div>\n\t\t\t\t\t\t\t\t\t<div class=\"elementor-tab-title elementor-tab-mobile-title\" aria-selected=\"false\" data-tab=\"4\" role=\"tab\" tabindex=\"-1\" aria-controls=\"elementor-tab-content-8274\" aria-expanded=\"false\">CONTRATOS Y DOCUMENTOS<\/div>\n\t\t\t\t\t<div id=\"elementor-tab-content-8274\" class=\"elementor-tab-content elementor-clearfix\" data-tab=\"4\" role=\"tabpanel\" aria-labelledby=\"elementor-tab-title-8274\" tabindex=\"0\" hidden=\"hidden\"><h5>Contrato \u00fanico de prestaci\u00f3n de servicios.<\/h5><p><a href=\"http:\/\/www.gmartel.com\/wp-content\/uploads\/2020\/07\/contratounico.pdf\">Descargar<\/a><\/p><h5>Regulaci\u00f3n y normatividad<\/h5><p><a href=\"https:\/\/www.mintic.gov.co\/portal\/604\/articles-3685_documento.pdf\" target=\"_blank\" rel=\"noopener\">Ley 679<\/a>\u00a0 \/\u00a0 <a href=\"https:\/\/www.mintic.gov.co\/portal\/604\/articles-3707_documento.pdf\" target=\"_blank\" rel=\"noopener\">Ley 1341<\/a>\u00a0 \/\u00a0 <a href=\"https:\/\/www.sic.gov.co\/sites\/default\/files\/normatividad\/00003066.pdf\" target=\"_blank\" rel=\"noopener\">Ley 3066<\/a>\u00a0 \/\u00a0 <a href=\"https:\/\/www.crcom.gov.co\/recursos_user\/Normatividad\/Normas_Actualizadas\/Res_3067_Act_4807_15.pdf\" target=\"_blank\" rel=\"noopener\">Ley 3067<\/a>\u00a0 \/\u00a0 <a href=\"https:\/\/www.mintic.gov.co\/portal\/604\/articles-3559_documento.pdf\" target=\"_blank\" rel=\"noopener\">Decreto 1704<\/a> (15 Ago 2012)\u00a0 \/\u00a0 <a href=\"https:\/\/www.mintic.gov.co\/portal\/604\/articles-3554_documento.pdf\" target=\"_blank\" rel=\"noopener\">Decreto 1524<\/a> (24 Jul 2002)\u00a0 \/<\/p><p>\u00a0<\/p><\/div>\n\t\t\t\t\t\t\t<\/div>\n\t\t<\/div>\n\t\t\t\t\t\t<\/div>\n\t\t\t\t<\/div>\n\t\t\t\t\t<\/div>\n\t\t<\/div>\n\t\t\t\t\t<\/div>\n\t\t<\/section>\n\t\t\t\t<\/div>\n\t\t","protected":false},"excerpt":{"rendered":"<p>Marco Legal TRATAMIENTO DE DATOS INTERNET SANO SEGURIDAD CONTRATOS Y DOCUMENTOS TRATAMIENTO DE DATOS GMARTEL\u00a0Soluciones Integrales y Tecomunicaciones S.A.S., manifiesta el compromiso con la protecci\u00f3n de los datos personales de terceros que, en desarrollo de su objeto social, llegase a conocer y por ende, se compromete a cuidar y dar un tratamiento adecuado a los [&hellip;]<\/p>\n","protected":false},"author":1,"featured_media":0,"parent":0,"menu_order":0,"comment_status":"closed","ping_status":"closed","template":"","meta":{"site-sidebar-layout":"default","site-content-layout":"page-builder","ast-site-content-layout":"default","site-content-style":"default","site-sidebar-style":"default","ast-global-header-display":"","ast-banner-title-visibility":"","ast-main-header-display":"","ast-hfb-above-header-display":"","ast-hfb-below-header-display":"","ast-hfb-mobile-header-display":"","site-post-title":"disabled","ast-breadcrumbs-content":"","ast-featured-img":"disabled","footer-sml-layout":"","theme-transparent-header-meta":"enabled","adv-header-id-meta":"","stick-header-meta":"","header-above-stick-meta":"","header-main-stick-meta":"","header-below-stick-meta":"","astra-migrate-meta-layouts":"default","ast-page-background-enabled":"default","ast-page-background-meta":{"desktop":{"background-color":"var(--ast-global-color-4)","background-image":"","background-repeat":"repeat","background-position":"center center","background-size":"auto","background-attachment":"scroll","background-type":"","background-media":"","overlay-type":"","overlay-color":"","overlay-opacity":"","overlay-gradient":""},"tablet":{"background-color":"","background-image":"","background-repeat":"repeat","background-position":"center center","background-size":"auto","background-attachment":"scroll","background-type":"","background-media":"","overlay-type":"","overlay-color":"","overlay-opacity":"","overlay-gradient":""},"mobile":{"background-color":"","background-image":"","background-repeat":"repeat","background-position":"center center","background-size":"auto","background-attachment":"scroll","background-type":"","background-media":"","overlay-type":"","overlay-color":"","overlay-opacity":"","overlay-gradient":""}},"ast-content-background-meta":{"desktop":{"background-color":"var(--ast-global-color-5)","background-image":"","background-repeat":"repeat","background-position":"center center","background-size":"auto","background-attachment":"scroll","background-type":"","background-media":"","overlay-type":"","overlay-color":"","overlay-opacity":"","overlay-gradient":""},"tablet":{"background-color":"var(--ast-global-color-5)","background-image":"","background-repeat":"repeat","background-position":"center center","background-size":"auto","background-attachment":"scroll","background-type":"","background-media":"","overlay-type":"","overlay-color":"","overlay-opacity":"","overlay-gradient":""},"mobile":{"background-color":"var(--ast-global-color-5)","background-image":"","background-repeat":"repeat","background-position":"center center","background-size":"auto","background-attachment":"scroll","background-type":"","background-media":"","overlay-type":"","overlay-color":"","overlay-opacity":"","overlay-gradient":""}},"_joinchat":[],"footnotes":""},"class_list":["post-12","page","type-page","status-publish","hentry"],"yoast_head":"<!-- This site is optimized with the Yoast SEO plugin v26.9 - https:\/\/yoast.com\/product\/yoast-seo-wordpress\/ -->\n<title>Marco Legal - Gmartel SAS<\/title>\n<meta name=\"robots\" content=\"index, follow, max-snippet:-1, max-image-preview:large, max-video-preview:-1\" \/>\n<link rel=\"canonical\" href=\"https:\/\/www.gmartel.com\/index.php\/marcolegal\/\" \/>\n<meta property=\"og:locale\" content=\"es_ES\" \/>\n<meta property=\"og:type\" content=\"article\" \/>\n<meta property=\"og:title\" content=\"Marco Legal - Gmartel SAS\" \/>\n<meta property=\"og:description\" content=\"Marco Legal TRATAMIENTO DE DATOS INTERNET SANO SEGURIDAD CONTRATOS Y DOCUMENTOS TRATAMIENTO DE DATOS GMARTEL\u00a0Soluciones Integrales y Tecomunicaciones S.A.S., manifiesta el compromiso con la protecci\u00f3n de los datos personales de terceros que, en desarrollo de su objeto social, llegase a conocer y por ende, se compromete a cuidar y dar un tratamiento adecuado a los [&hellip;]\" \/>\n<meta property=\"og:url\" content=\"https:\/\/www.gmartel.com\/index.php\/marcolegal\/\" \/>\n<meta property=\"og:site_name\" content=\"Gmartel SAS\" \/>\n<meta property=\"article:modified_time\" content=\"2020-09-06T07:53:15+00:00\" \/>\n<meta name=\"twitter:card\" content=\"summary_large_image\" \/>\n<meta name=\"twitter:label1\" content=\"Tiempo de lectura\" \/>\n\t<meta name=\"twitter:data1\" content=\"3 minutos\" \/>\n<script type=\"application\/ld+json\" class=\"yoast-schema-graph\">{\"@context\":\"https:\/\/schema.org\",\"@graph\":[{\"@type\":\"WebPage\",\"@id\":\"https:\/\/www.gmartel.com\/index.php\/marcolegal\/\",\"url\":\"https:\/\/www.gmartel.com\/index.php\/marcolegal\/\",\"name\":\"Marco Legal - Gmartel SAS\",\"isPartOf\":{\"@id\":\"https:\/\/www.gmartel.com\/#website\"},\"datePublished\":\"2018-08-27T12:17:23+00:00\",\"dateModified\":\"2020-09-06T07:53:15+00:00\",\"breadcrumb\":{\"@id\":\"https:\/\/www.gmartel.com\/index.php\/marcolegal\/#breadcrumb\"},\"inLanguage\":\"es-CO\",\"potentialAction\":[{\"@type\":\"ReadAction\",\"target\":[\"https:\/\/www.gmartel.com\/index.php\/marcolegal\/\"]}]},{\"@type\":\"BreadcrumbList\",\"@id\":\"https:\/\/www.gmartel.com\/index.php\/marcolegal\/#breadcrumb\",\"itemListElement\":[{\"@type\":\"ListItem\",\"position\":1,\"name\":\"Inicio\",\"item\":\"https:\/\/www.gmartel.com\/\"},{\"@type\":\"ListItem\",\"position\":2,\"name\":\"Marco Legal\"}]},{\"@type\":\"WebSite\",\"@id\":\"https:\/\/www.gmartel.com\/#website\",\"url\":\"https:\/\/www.gmartel.com\/\",\"name\":\"Gmartel SAS\",\"description\":\"Soluciones integrales y telecomunicaciones\",\"publisher\":{\"@id\":\"https:\/\/www.gmartel.com\/#organization\"},\"potentialAction\":[{\"@type\":\"SearchAction\",\"target\":{\"@type\":\"EntryPoint\",\"urlTemplate\":\"https:\/\/www.gmartel.com\/?s={search_term_string}\"},\"query-input\":{\"@type\":\"PropertyValueSpecification\",\"valueRequired\":true,\"valueName\":\"search_term_string\"}}],\"inLanguage\":\"es-CO\"},{\"@type\":\"Organization\",\"@id\":\"https:\/\/www.gmartel.com\/#organization\",\"name\":\"Gmartel SAS\",\"url\":\"https:\/\/www.gmartel.com\/\",\"logo\":{\"@type\":\"ImageObject\",\"inLanguage\":\"es-CO\",\"@id\":\"https:\/\/www.gmartel.com\/#\/schema\/logo\/image\/\",\"url\":\"https:\/\/www.gmartel.com\/wp-content\/uploads\/2024\/06\/cropped-logo-gmartel-.png\",\"contentUrl\":\"https:\/\/www.gmartel.com\/wp-content\/uploads\/2024\/06\/cropped-logo-gmartel-.png\",\"width\":1137,\"height\":462,\"caption\":\"Gmartel SAS\"},\"image\":{\"@id\":\"https:\/\/www.gmartel.com\/#\/schema\/logo\/image\/\"}}]}<\/script>\n<!-- \/ Yoast SEO plugin. -->","yoast_head_json":{"title":"Marco Legal - Gmartel SAS","robots":{"index":"index","follow":"follow","max-snippet":"max-snippet:-1","max-image-preview":"max-image-preview:large","max-video-preview":"max-video-preview:-1"},"canonical":"https:\/\/www.gmartel.com\/index.php\/marcolegal\/","og_locale":"es_ES","og_type":"article","og_title":"Marco Legal - Gmartel SAS","og_description":"Marco Legal TRATAMIENTO DE DATOS INTERNET SANO SEGURIDAD CONTRATOS Y DOCUMENTOS TRATAMIENTO DE DATOS GMARTEL\u00a0Soluciones Integrales y Tecomunicaciones S.A.S., manifiesta el compromiso con la protecci\u00f3n de los datos personales de terceros que, en desarrollo de su objeto social, llegase a conocer y por ende, se compromete a cuidar y dar un tratamiento adecuado a los [&hellip;]","og_url":"https:\/\/www.gmartel.com\/index.php\/marcolegal\/","og_site_name":"Gmartel SAS","article_modified_time":"2020-09-06T07:53:15+00:00","twitter_card":"summary_large_image","twitter_misc":{"Tiempo de lectura":"3 minutos"},"schema":{"@context":"https:\/\/schema.org","@graph":[{"@type":"WebPage","@id":"https:\/\/www.gmartel.com\/index.php\/marcolegal\/","url":"https:\/\/www.gmartel.com\/index.php\/marcolegal\/","name":"Marco Legal - Gmartel SAS","isPartOf":{"@id":"https:\/\/www.gmartel.com\/#website"},"datePublished":"2018-08-27T12:17:23+00:00","dateModified":"2020-09-06T07:53:15+00:00","breadcrumb":{"@id":"https:\/\/www.gmartel.com\/index.php\/marcolegal\/#breadcrumb"},"inLanguage":"es-CO","potentialAction":[{"@type":"ReadAction","target":["https:\/\/www.gmartel.com\/index.php\/marcolegal\/"]}]},{"@type":"BreadcrumbList","@id":"https:\/\/www.gmartel.com\/index.php\/marcolegal\/#breadcrumb","itemListElement":[{"@type":"ListItem","position":1,"name":"Inicio","item":"https:\/\/www.gmartel.com\/"},{"@type":"ListItem","position":2,"name":"Marco Legal"}]},{"@type":"WebSite","@id":"https:\/\/www.gmartel.com\/#website","url":"https:\/\/www.gmartel.com\/","name":"Gmartel SAS","description":"Soluciones integrales y telecomunicaciones","publisher":{"@id":"https:\/\/www.gmartel.com\/#organization"},"potentialAction":[{"@type":"SearchAction","target":{"@type":"EntryPoint","urlTemplate":"https:\/\/www.gmartel.com\/?s={search_term_string}"},"query-input":{"@type":"PropertyValueSpecification","valueRequired":true,"valueName":"search_term_string"}}],"inLanguage":"es-CO"},{"@type":"Organization","@id":"https:\/\/www.gmartel.com\/#organization","name":"Gmartel SAS","url":"https:\/\/www.gmartel.com\/","logo":{"@type":"ImageObject","inLanguage":"es-CO","@id":"https:\/\/www.gmartel.com\/#\/schema\/logo\/image\/","url":"https:\/\/www.gmartel.com\/wp-content\/uploads\/2024\/06\/cropped-logo-gmartel-.png","contentUrl":"https:\/\/www.gmartel.com\/wp-content\/uploads\/2024\/06\/cropped-logo-gmartel-.png","width":1137,"height":462,"caption":"Gmartel SAS"},"image":{"@id":"https:\/\/www.gmartel.com\/#\/schema\/logo\/image\/"}}]}},"jetpack_sharing_enabled":true,"_links":{"self":[{"href":"https:\/\/www.gmartel.com\/index.php\/wp-json\/wp\/v2\/pages\/12","targetHints":{"allow":["GET"]}}],"collection":[{"href":"https:\/\/www.gmartel.com\/index.php\/wp-json\/wp\/v2\/pages"}],"about":[{"href":"https:\/\/www.gmartel.com\/index.php\/wp-json\/wp\/v2\/types\/page"}],"author":[{"embeddable":true,"href":"https:\/\/www.gmartel.com\/index.php\/wp-json\/wp\/v2\/users\/1"}],"replies":[{"embeddable":true,"href":"https:\/\/www.gmartel.com\/index.php\/wp-json\/wp\/v2\/comments?post=12"}],"version-history":[{"count":20,"href":"https:\/\/www.gmartel.com\/index.php\/wp-json\/wp\/v2\/pages\/12\/revisions"}],"predecessor-version":[{"id":670,"href":"https:\/\/www.gmartel.com\/index.php\/wp-json\/wp\/v2\/pages\/12\/revisions\/670"}],"wp:attachment":[{"href":"https:\/\/www.gmartel.com\/index.php\/wp-json\/wp\/v2\/media?parent=12"}],"curies":[{"name":"wp","href":"https:\/\/api.w.org\/{rel}","templated":true}]}}